{"id":2,"date":"2017-11-08T14:36:12","date_gmt":"2017-11-08T13:36:12","guid":{"rendered":"https:\/\/demo.min-pan.krakow.pl\/\/wydawnictwo\/?page_id=2"},"modified":"2022-10-24T13:13:01","modified_gmt":"2022-10-24T11:13:01","slug":"wydawnictwo-2","status":"publish","type":"page","link":"https:\/\/demo.min-pan.krakow.pl\/wydawnictwo\/","title":{"rendered":"Wydawnictwo"},"content":{"rendered":"<p><\/p>\n<h3>Kim jeste\u015bmy<\/h3>\n<p>Wydawnictwo Instytutu Gospodarki Surowcami Mineralnymi i Energi\u0105 PAN powo\u0142ano w 1990 roku i od tego czasu wydajemy g\u0142\u00f3wnie prace przygotowane przez pracownik\u00f3w naukowych Instytutu, m.in. monografie, podr\u0119czniki, wydawnictwa seryjne, materia\u0142y konferencyjne i pokonferencyjne.<\/p>\n<p>Wydajemy r\u00f3wnie\u017c w\u0142asne czasopisma naukowe znajduj\u0105ce si\u0119 na listach ministerialnych. Artyku\u0142y z czasopism publikowanych przez Wydawnictwo dost\u0119pne s\u0105 do pobrania bezp\u0142atnie w otwartym repozytorium na stronie internetowej IGSMiE PAN.<\/p>","protected":false},"excerpt":{"rendered":"<p>Kim jeste\u015bmy Wydawnictwo Instytutu Gospodarki Surowcami Mineralnymi i Energi\u0105 PAN powo\u0142ano w 1990 roku i od tego czasu wydajemy g\u0142\u00f3wnie prace przygotowane przez pracownik\u00f3w naukowych Instytutu, m.in. monografie, podr\u0119czniki, wydawnictwa seryjne, materia\u0142y konferencyjne i pokonferencyjne. Wydajemy r\u00f3wnie\u017c w\u0142asne czasopisma naukowe znajduj\u0105ce si\u0119 na listach ministerialnych. Artyku\u0142y z czasopism publikowanych przez Wydawnictwo dost\u0119pne s\u0105 do pobrania [&hellip;]<\/p>\n","protected":false},"author":1,"featured_media":0,"parent":0,"menu_order":550,"comment_status":"closed","ping_status":"open","template":"templates\/template-home.php","meta":{"footnotes":""},"_links":{"self":[{"href":"https:\/\/demo.min-pan.krakow.pl\/wydawnictwo\/wp-json\/wp\/v2\/pages\/2"}],"collection":[{"href":"https:\/\/demo.min-pan.krakow.pl\/wydawnictwo\/wp-json\/wp\/v2\/pages"}],"about":[{"href":"https:\/\/demo.min-pan.krakow.pl\/wydawnictwo\/wp-json\/wp\/v2\/types\/page"}],"author":[{"embeddable":true,"href":"https:\/\/demo.min-pan.krakow.pl\/wydawnictwo\/wp-json\/wp\/v2\/users\/1"}],"replies":[{"embeddable":true,"href":"https:\/\/demo.min-pan.krakow.pl\/wydawnictwo\/wp-json\/wp\/v2\/comments?post=2"}],"version-history":[{"count":10,"href":"https:\/\/demo.min-pan.krakow.pl\/wydawnictwo\/wp-json\/wp\/v2\/pages\/2\/revisions"}],"predecessor-version":[{"id":6846,"href":"https:\/\/demo.min-pan.krakow.pl\/wydawnictwo\/wp-json\/wp\/v2\/pages\/2\/revisions\/6846"}],"wp:attachment":[{"href":"https:\/\/demo.min-pan.krakow.pl\/wydawnictwo\/wp-json\/wp\/v2\/media?parent=2"}],"curies":[{"name":"wp","href":"https:\/\/api.w.org\/{rel}","templated":true}]}}