{"id":6926,"date":"2023-10-17T10:24:11","date_gmt":"2023-10-17T08:24:11","guid":{"rendered":"https:\/\/demo.min-pan.krakow.pl\/wydawnictwo\/?page_id=6926"},"modified":"2023-10-17T10:34:09","modified_gmt":"2023-10-17T08:34:09","slug":"jak-to-z-tym-weglem-bylo-jest-i-bedzie","status":"publish","type":"page","link":"https:\/\/demo.min-pan.krakow.pl\/wydawnictwo\/en\/ksiazki\/jak-to-z-tym-weglem-bylo-jest-i-bedzie\/","title":{"rendered":"Jak to z tym w\u0119glem by\u0142o, jest i b\u0119dzie"},"content":{"rendered":"","protected":false},"excerpt":{"rendered":"","protected":false},"author":12,"featured_media":0,"parent":60,"menu_order":26,"comment_status":"closed","ping_status":"closed","template":"templates\/template-book.php","meta":{"footnotes":""},"_links":{"self":[{"href":"https:\/\/demo.min-pan.krakow.pl\/wydawnictwo\/en\/wp-json\/wp\/v2\/pages\/6926"}],"collection":[{"href":"https:\/\/demo.min-pan.krakow.pl\/wydawnictwo\/en\/wp-json\/wp\/v2\/pages"}],"about":[{"href":"https:\/\/demo.min-pan.krakow.pl\/wydawnictwo\/en\/wp-json\/wp\/v2\/types\/page"}],"author":[{"embeddable":true,"href":"https:\/\/demo.min-pan.krakow.pl\/wydawnictwo\/en\/wp-json\/wp\/v2\/users\/12"}],"replies":[{"embeddable":true,"href":"https:\/\/demo.min-pan.krakow.pl\/wydawnictwo\/en\/wp-json\/wp\/v2\/comments?post=6926"}],"version-history":[{"count":1,"href":"https:\/\/demo.min-pan.krakow.pl\/wydawnictwo\/en\/wp-json\/wp\/v2\/pages\/6926\/revisions"}],"predecessor-version":[{"id":6929,"href":"https:\/\/demo.min-pan.krakow.pl\/wydawnictwo\/en\/wp-json\/wp\/v2\/pages\/6926\/revisions\/6929"}],"up":[{"embeddable":true,"href":"https:\/\/demo.min-pan.krakow.pl\/wydawnictwo\/en\/wp-json\/wp\/v2\/pages\/60"}],"wp:attachment":[{"href":"https:\/\/demo.min-pan.krakow.pl\/wydawnictwo\/en\/wp-json\/wp\/v2\/media?parent=6926"}],"curies":[{"name":"wp","href":"https:\/\/api.w.org\/{rel}","templated":true}]}}