{"id":6502,"date":"2020-01-30T11:15:26","date_gmt":"2020-01-30T10:15:26","guid":{"rendered":"https:\/\/demo.min-pan.krakow.pl\/wydawnictwo\/?page_id=6502"},"modified":"2020-03-09T13:11:30","modified_gmt":"2020-03-09T12:11:30","slug":"ryzyko-i-bezpieczenstwo-w-dzialalnosci-gospodarczej","status":"publish","type":"page","link":"https:\/\/demo.min-pan.krakow.pl\/wydawnictwo\/en\/ksiazki\/ryzyko-i-bezpieczenstwo-w-dzialalnosci-gospodarczej\/","title":{"rendered":"RYZYKO I BEZPIECZE\u0143STWO W DZIA\u0141ALNO\u015aCI GOSPODARCZEJ"},"content":{"rendered":"","protected":false},"excerpt":{"rendered":"","protected":false},"author":4,"featured_media":0,"parent":60,"menu_order":74,"comment_status":"closed","ping_status":"closed","template":"templates\/template-book.php","meta":{"footnotes":""},"_links":{"self":[{"href":"https:\/\/demo.min-pan.krakow.pl\/wydawnictwo\/en\/wp-json\/wp\/v2\/pages\/6502"}],"collection":[{"href":"https:\/\/demo.min-pan.krakow.pl\/wydawnictwo\/en\/wp-json\/wp\/v2\/pages"}],"about":[{"href":"https:\/\/demo.min-pan.krakow.pl\/wydawnictwo\/en\/wp-json\/wp\/v2\/types\/page"}],"author":[{"embeddable":true,"href":"https:\/\/demo.min-pan.krakow.pl\/wydawnictwo\/en\/wp-json\/wp\/v2\/users\/4"}],"replies":[{"embeddable":true,"href":"https:\/\/demo.min-pan.krakow.pl\/wydawnictwo\/en\/wp-json\/wp\/v2\/comments?post=6502"}],"version-history":[{"count":2,"href":"https:\/\/demo.min-pan.krakow.pl\/wydawnictwo\/en\/wp-json\/wp\/v2\/pages\/6502\/revisions"}],"predecessor-version":[{"id":6506,"href":"https:\/\/demo.min-pan.krakow.pl\/wydawnictwo\/en\/wp-json\/wp\/v2\/pages\/6502\/revisions\/6506"}],"up":[{"embeddable":true,"href":"https:\/\/demo.min-pan.krakow.pl\/wydawnictwo\/en\/wp-json\/wp\/v2\/pages\/60"}],"wp:attachment":[{"href":"https:\/\/demo.min-pan.krakow.pl\/wydawnictwo\/en\/wp-json\/wp\/v2\/media?parent=6502"}],"curies":[{"name":"wp","href":"https:\/\/api.w.org\/{rel}","templated":true}]}}