{"id":6498,"date":"2020-01-30T11:09:09","date_gmt":"2020-01-30T10:09:09","guid":{"rendered":"https:\/\/demo.min-pan.krakow.pl\/wydawnictwo\/?page_id=6498"},"modified":"2020-03-09T13:11:11","modified_gmt":"2020-03-09T12:11:11","slug":"innowacyjnosc-w-dzialalnosci-gospodarczej","status":"publish","type":"page","link":"https:\/\/demo.min-pan.krakow.pl\/wydawnictwo\/en\/ksiazki\/innowacyjnosc-w-dzialalnosci-gospodarczej\/","title":{"rendered":"INNOWACYJNO\u015a\u0106 W DZIA\u0141ALNO\u015aCI GOSPODARCZEJ"},"content":{"rendered":"","protected":false},"excerpt":{"rendered":"","protected":false},"author":4,"featured_media":0,"parent":60,"menu_order":75,"comment_status":"closed","ping_status":"closed","template":"templates\/template-book.php","meta":{"footnotes":""},"_links":{"self":[{"href":"https:\/\/demo.min-pan.krakow.pl\/wydawnictwo\/en\/wp-json\/wp\/v2\/pages\/6498"}],"collection":[{"href":"https:\/\/demo.min-pan.krakow.pl\/wydawnictwo\/en\/wp-json\/wp\/v2\/pages"}],"about":[{"href":"https:\/\/demo.min-pan.krakow.pl\/wydawnictwo\/en\/wp-json\/wp\/v2\/types\/page"}],"author":[{"embeddable":true,"href":"https:\/\/demo.min-pan.krakow.pl\/wydawnictwo\/en\/wp-json\/wp\/v2\/users\/4"}],"replies":[{"embeddable":true,"href":"https:\/\/demo.min-pan.krakow.pl\/wydawnictwo\/en\/wp-json\/wp\/v2\/comments?post=6498"}],"version-history":[{"count":1,"href":"https:\/\/demo.min-pan.krakow.pl\/wydawnictwo\/en\/wp-json\/wp\/v2\/pages\/6498\/revisions"}],"predecessor-version":[{"id":6499,"href":"https:\/\/demo.min-pan.krakow.pl\/wydawnictwo\/en\/wp-json\/wp\/v2\/pages\/6498\/revisions\/6499"}],"up":[{"embeddable":true,"href":"https:\/\/demo.min-pan.krakow.pl\/wydawnictwo\/en\/wp-json\/wp\/v2\/pages\/60"}],"wp:attachment":[{"href":"https:\/\/demo.min-pan.krakow.pl\/wydawnictwo\/en\/wp-json\/wp\/v2\/media?parent=6498"}],"curies":[{"name":"wp","href":"https:\/\/api.w.org\/{rel}","templated":true}]}}