{"id":200,"date":"2017-12-04T10:56:30","date_gmt":"2017-12-04T09:56:30","guid":{"rendered":"https:\/\/demo.min-pan.krakow.pl\/\/wydawnictwo\/?page_id=200"},"modified":"2021-01-05T11:27:32","modified_gmt":"2021-01-05T10:27:32","slug":"rozpoznanie-geotermicznej-anomalii-w-strefie-nasuniecia-karpackiego-w-rejonie-tarnow-lekawica","status":"publish","type":"page","link":"https:\/\/demo.min-pan.krakow.pl\/wydawnictwo\/en\/ksiazki\/rozpoznanie-geotermicznej-anomalii-w-strefie-nasuniecia-karpackiego-w-rejonie-tarnow-lekawica\/","title":{"rendered":"ROZPOZNANIE GEOTERMICZNEJ ANOMALII W STREFIE NASUNI\u0118CIA KARPACKIEGO W REJONIE TARN\u00d3W-\u0141\u0118KAWICA"},"content":{"rendered":"","protected":false},"excerpt":{"rendered":"","protected":false},"author":1,"featured_media":0,"parent":60,"menu_order":604,"comment_status":"closed","ping_status":"closed","template":"templates\/template-book.php","meta":{"footnotes":""},"_links":{"self":[{"href":"https:\/\/demo.min-pan.krakow.pl\/wydawnictwo\/en\/wp-json\/wp\/v2\/pages\/200"}],"collection":[{"href":"https:\/\/demo.min-pan.krakow.pl\/wydawnictwo\/en\/wp-json\/wp\/v2\/pages"}],"about":[{"href":"https:\/\/demo.min-pan.krakow.pl\/wydawnictwo\/en\/wp-json\/wp\/v2\/types\/page"}],"author":[{"embeddable":true,"href":"https:\/\/demo.min-pan.krakow.pl\/wydawnictwo\/en\/wp-json\/wp\/v2\/users\/1"}],"replies":[{"embeddable":true,"href":"https:\/\/demo.min-pan.krakow.pl\/wydawnictwo\/en\/wp-json\/wp\/v2\/comments?post=200"}],"version-history":[{"count":1,"href":"https:\/\/demo.min-pan.krakow.pl\/wydawnictwo\/en\/wp-json\/wp\/v2\/pages\/200\/revisions"}],"predecessor-version":[{"id":201,"href":"https:\/\/demo.min-pan.krakow.pl\/wydawnictwo\/en\/wp-json\/wp\/v2\/pages\/200\/revisions\/201"}],"up":[{"embeddable":true,"href":"https:\/\/demo.min-pan.krakow.pl\/wydawnictwo\/en\/wp-json\/wp\/v2\/pages\/60"}],"wp:attachment":[{"href":"https:\/\/demo.min-pan.krakow.pl\/wydawnictwo\/en\/wp-json\/wp\/v2\/media?parent=200"}],"curies":[{"name":"wp","href":"https:\/\/api.w.org\/{rel}","templated":true}]}}