{"id":12,"date":"2022-03-21T19:29:24","date_gmt":"2022-03-21T18:29:24","guid":{"rendered":"https:\/\/demo.min-pan.krakow.pl\/zaplecze-laboratoryjne\/?page_id=12"},"modified":"2022-05-31T14:35:53","modified_gmt":"2022-05-31T12:35:53","slug":"laboratorium-badan-srodowiskowych","status":"publish","type":"page","link":"https:\/\/demo.min-pan.krakow.pl\/laboratoria\/laboratoria\/laboratorium-badan-srodowiskowych\/","title":{"rendered":"Laboratorium Bada\u0144 \u015arodowiskowych"},"content":{"rendered":"<p><\/p>\n<h2><strong>Laboratorium Bada\u0144 \u015arodowiskowych<\/strong><\/h2>\n<p>Specjalizuje si\u0119 w badaniach terenowych i laboratoryjnych dotycz\u0105cych zanieczyszczenia w\u00f3d podziemnych, powierzchniowych, gleb, grunt\u00f3w oraz jako\u015bci odpad\u00f3w b\u0105d\u017a \u015bciek\u00f3w. Tutaj prowadzone badania terenowe i laboratoryjne zmierzaj\u0105ce do okre\u015blenia zawarto\u015bci metali i ci\u0119\u017ckich oraz sk\u0142adnik\u00f3w metaloidalnych w \u015brodowisku gruntowo-wodnym oraz wymywalno\u015bci sk\u0142adnik\u00f3w z zastosowaniem test\u00f3w statycznych i dynamicznych. Laboratorium prowadzi badania w zakresie zanieczyszcze\u0144 nieorganicznych, w\u00f3d podziemnych, powierzchniowych, gleb oraz grunt\u00f3w ze szczeg\u00f3lnym uwzgl\u0119dnieniem rt\u0119ci. Wyniki prac badawczych znajduj\u0105 zastosowanie w\u00a0 monitorowaniu oddzia\u0142ywania sk\u0142adowisk odpad\u00f3w komunalnych i przemys\u0142owych oraz otoczenia szlak\u00f3w komunikacyjnych, a tak\u017ce oddzia\u0142ywania r\u00f3\u017cnorodnych obiekt\u00f3w przemys\u0142owych na \u015brodowisko przyrodnicze.<\/p>","protected":false},"excerpt":{"rendered":"<p>Laboratorium Bada\u0144 \u015arodowiskowych Specjalizuje si\u0119 w badaniach terenowych i laboratoryjnych dotycz\u0105cych zanieczyszczenia w\u00f3d podziemnych, powierzchniowych, gleb, grunt\u00f3w oraz jako\u015bci odpad\u00f3w b\u0105d\u017a \u015bciek\u00f3w. Tutaj prowadzone badania terenowe i laboratoryjne zmierzaj\u0105ce do okre\u015blenia zawarto\u015bci metali i ci\u0119\u017ckich oraz sk\u0142adnik\u00f3w metaloidalnych w \u015brodowisku gruntowo-wodnym oraz wymywalno\u015bci sk\u0142adnik\u00f3w z zastosowaniem test\u00f3w statycznych i dynamicznych. Laboratorium prowadzi badania w zakresie [&hellip;]<\/p>\n","protected":false},"author":1,"featured_media":0,"parent":10,"menu_order":12,"comment_status":"closed","ping_status":"closed","template":"templates\/template-lab.php","meta":{"footnotes":""},"_links":{"self":[{"href":"https:\/\/demo.min-pan.krakow.pl\/laboratoria\/wp-json\/wp\/v2\/pages\/12"}],"collection":[{"href":"https:\/\/demo.min-pan.krakow.pl\/laboratoria\/wp-json\/wp\/v2\/pages"}],"about":[{"href":"https:\/\/demo.min-pan.krakow.pl\/laboratoria\/wp-json\/wp\/v2\/types\/page"}],"author":[{"embeddable":true,"href":"https:\/\/demo.min-pan.krakow.pl\/laboratoria\/wp-json\/wp\/v2\/users\/1"}],"replies":[{"embeddable":true,"href":"https:\/\/demo.min-pan.krakow.pl\/laboratoria\/wp-json\/wp\/v2\/comments?post=12"}],"version-history":[{"count":5,"href":"https:\/\/demo.min-pan.krakow.pl\/laboratoria\/wp-json\/wp\/v2\/pages\/12\/revisions"}],"predecessor-version":[{"id":206,"href":"https:\/\/demo.min-pan.krakow.pl\/laboratoria\/wp-json\/wp\/v2\/pages\/12\/revisions\/206"}],"up":[{"embeddable":true,"href":"https:\/\/demo.min-pan.krakow.pl\/laboratoria\/wp-json\/wp\/v2\/pages\/10"}],"wp:attachment":[{"href":"https:\/\/demo.min-pan.krakow.pl\/laboratoria\/wp-json\/wp\/v2\/media?parent=12"}],"curies":[{"name":"wp","href":"https:\/\/api.w.org\/{rel}","templated":true}]}}