{"id":293,"date":"2017-12-04T12:31:59","date_gmt":"2017-12-04T11:31:59","guid":{"rendered":"https:\/\/demo.min-pan.krakow.pl\/instytut\/?page_id=293"},"modified":"2024-02-22T15:19:55","modified_gmt":"2024-02-22T14:19:55","slug":"kariera","status":"publish","type":"page","link":"https:\/\/demo.min-pan.krakow.pl\/instytut\/kariera\/","title":{"rendered":"Kariera"},"content":{"rendered":"<p><strong>Og\u0142oszenie nr 1<\/strong><\/p>\n<p>Instytut Gospodarki Surowcami Mineralnymi i Energi\u0105 Polskiej Akademii Nauk w Krakowie poszukuje kandydatek\/kandydat\u00f3w na stanowisko: <strong>SPECJALISTA DS. KADR I P\u0141AC<\/strong>.<br \/>\nInformacje szczeg\u00f3\u0142owe oraz dokumenty do pobrania znajduj\u0105 si\u0119 <a href=\"https:\/\/demo.min-pan.krakow.pl\/instytut\/wp-content\/uploads\/sites\/2\/2024\/02\/Ogloszenie_specjalista-ds.-kadr-i-plac_IGSMiE-PAN_final.pdf\"><strong>tutaj<\/strong><\/a><\/p>\n<p>&nbsp;<\/p>\n<p><strong>Og\u0142oszenie nr 2<\/strong><\/p>\n<p>Instytut Gospodarki Surowcami Mineralnymi i Energi\u0105 Polskiej Akademii Nauk w Krakowie poszukuje kandydatek\/kandydat\u00f3w na stanowisko: <strong>PRACOWNIK ADMINISTRACYJNY W DZIALE KSI\u0118GOWO\u015aCI I ROZLICZE\u0143<\/strong>.<br \/>\nInformacje szczeg\u00f3\u0142owe oraz dokumenty do pobrania znajduj\u0105 si\u0119 <a href=\"https:\/\/demo.min-pan.krakow.pl\/instytut\/wp-content\/uploads\/sites\/2\/2024\/02\/Ogloszenie_pracownik-administracji_final.pdf\"><strong>tutaj<\/strong><\/a><\/p>\n<p class=\"downloadElemContainer2\">\n<p><\/p>","protected":false},"excerpt":{"rendered":"<p>Og\u0142oszenie nr 1 Instytut Gospodarki Surowcami Mineralnymi i Energi\u0105 Polskiej Akademii Nauk w Krakowie poszukuje kandydatek\/kandydat\u00f3w na stanowisko: SPECJALISTA DS. KADR I P\u0141AC. Informacje szczeg\u00f3\u0142owe oraz dokumenty do pobrania znajduj\u0105 si\u0119 tutaj &nbsp; Og\u0142oszenie nr 2 Instytut Gospodarki Surowcami Mineralnymi i Energi\u0105 Polskiej Akademii Nauk w Krakowie poszukuje kandydatek\/kandydat\u00f3w na stanowisko: PRACOWNIK ADMINISTRACYJNY W DZIALE [&hellip;]<\/p>\n","protected":false},"author":1,"featured_media":0,"parent":0,"menu_order":22,"comment_status":"closed","ping_status":"closed","template":"","meta":{"footnotes":""},"_links":{"self":[{"href":"https:\/\/demo.min-pan.krakow.pl\/instytut\/wp-json\/wp\/v2\/pages\/293"}],"collection":[{"href":"https:\/\/demo.min-pan.krakow.pl\/instytut\/wp-json\/wp\/v2\/pages"}],"about":[{"href":"https:\/\/demo.min-pan.krakow.pl\/instytut\/wp-json\/wp\/v2\/types\/page"}],"author":[{"embeddable":true,"href":"https:\/\/demo.min-pan.krakow.pl\/instytut\/wp-json\/wp\/v2\/users\/1"}],"replies":[{"embeddable":true,"href":"https:\/\/demo.min-pan.krakow.pl\/instytut\/wp-json\/wp\/v2\/comments?post=293"}],"version-history":[{"count":122,"href":"https:\/\/demo.min-pan.krakow.pl\/instytut\/wp-json\/wp\/v2\/pages\/293\/revisions"}],"predecessor-version":[{"id":2452,"href":"https:\/\/demo.min-pan.krakow.pl\/instytut\/wp-json\/wp\/v2\/pages\/293\/revisions\/2452"}],"wp:attachment":[{"href":"https:\/\/demo.min-pan.krakow.pl\/instytut\/wp-json\/wp\/v2\/media?parent=293"}],"curies":[{"name":"wp","href":"https:\/\/api.w.org\/{rel}","templated":true}]}}