{"id":268,"date":"2017-11-30T13:45:32","date_gmt":"2017-11-30T12:45:32","guid":{"rendered":"https:\/\/demo.min-pan.krakow.pl\/instytut\/?page_id=268"},"modified":"2023-03-13T13:58:24","modified_gmt":"2023-03-13T12:58:24","slug":"do-pobrania","status":"publish","type":"page","link":"https:\/\/demo.min-pan.krakow.pl\/instytut\/do-pobrania\/","title":{"rendered":"Materia\u0142y promocyjne i System Identyfikacji Wizualnej"},"content":{"rendered":"<p><\/p>\n<h2>Materia\u0142y promocyjne i System Identyfikacji Wizualnej<\/h2>\n<p>W tym miejscu udost\u0119pniamy Pa\u0144stwu znak graficzny (logotyp) Instytutu w ro\u017cnych wersjach i odmianach kolorystycznych.\u00a0System Identyfikacji Wizualnej Instytutu jest dla nas bardzo wa\u017cn\u0105 kwesti\u0105. Przyk\u0142adamy du\u017c\u0105 wag\u0119 do kszta\u0142towania wizerunku naszej instytucji na zewn\u0105trz.\u00a0U\u017cycie znaku graficznego Instytutu wymaga przestrzegania zasad obj\u0119tych Ksi\u0119g\u0105 Znaku, kt\u00f3r\u0105 r\u00f3wnie\u017c udost\u0119pniamy na tej stronie.<\/p>\n<p>&nbsp;<\/p>\n<p class=\"downloadElemContainer2\"><a class=\"downloadElem zip\" href=\"https:\/\/demo.min-pan.krakow.pl\/instytut\/wp-content\/uploads\/sites\/2\/2017\/12\/IGSMiE_logo.zip\" target=\"_blank\" rel=\"noopener noreferrer\">\u00a0<\/a><cite>Logotyp i sygnet<\/cite><\/p>\n<p class=\"downloadElemContainer2\"><a class=\"downloadElem pdf\" href=\"https:\/\/demo.min-pan.krakow.pl\/instytut\/wp-content\/uploads\/sites\/2\/2017\/12\/IGSMiE_manual.pdf\" target=\"_blank\" rel=\"noopener noreferrer\">\u00a0<\/a><cite>Ksi\u0119ga znaku<\/cite><\/p>\n<p>&nbsp;<\/p>\n<h2>Materia\u0142y promocyjne<\/h2>\n<p>Przekazujemy r\u00f3wnie\u017c w Pa\u0144stwa r\u0119ce materia\u0142y promocyjne Instytutu \u2013 folder oraz ofert\u0119 naukowo-badawcz\u0105.<\/p>\n<p class=\"downloadElemContainer2\"><a class=\"downloadElem pdf\" href=\"https:\/\/demo.min-pan.krakow.pl\/instytut\/wp-content\/uploads\/sites\/2\/2021\/11\/Folder-wersja-polska.pdf\" target=\"_blank\" rel=\"noopener noreferrer\">\u00a0<\/a><cite>Folder &#8211; wersja polska<\/cite><\/p>\n<p class=\"downloadElemContainer2\"><a class=\"downloadElem pdf\" href=\"https:\/\/demo.min-pan.krakow.pl\/instytut\/wp-content\/uploads\/sites\/2\/2021\/11\/Folder-wersja-angielska.pdf\" target=\"_blank\" rel=\"noopener noreferrer\">\u00a0<\/a><cite>Folder &#8211; wersja angielska<\/cite><\/p>\n<p class=\"downloadElemContainer2\"><a class=\"downloadElem pdf\" href=\"https:\/\/demo.min-pan.krakow.pl\/instytut\/wp-content\/uploads\/sites\/2\/2021\/11\/Oferta-naukowo-badawcza.pdf\" target=\"_blank\" rel=\"noopener noreferrer\">\u00a0<\/a><cite>Oferta naukowo-badawcza<\/cite><\/p>\n<p><\/p>","protected":false},"excerpt":{"rendered":"<p>Materia\u0142y promocyjne i System Identyfikacji Wizualnej W tym miejscu udost\u0119pniamy Pa\u0144stwu znak graficzny (logotyp) Instytutu w ro\u017cnych wersjach i odmianach kolorystycznych.\u00a0System Identyfikacji Wizualnej Instytutu jest dla nas bardzo wa\u017cn\u0105 kwesti\u0105. Przyk\u0142adamy du\u017c\u0105 wag\u0119 do kszta\u0142towania wizerunku naszej instytucji na zewn\u0105trz.\u00a0U\u017cycie znaku graficznego Instytutu wymaga przestrzegania zasad obj\u0119tych Ksi\u0119g\u0105 Znaku, kt\u00f3r\u0105 r\u00f3wnie\u017c udost\u0119pniamy na tej stronie. [&hellip;]<\/p>\n","protected":false},"author":1,"featured_media":0,"parent":0,"menu_order":96,"comment_status":"closed","ping_status":"closed","template":"","meta":{"footnotes":""},"_links":{"self":[{"href":"https:\/\/demo.min-pan.krakow.pl\/instytut\/wp-json\/wp\/v2\/pages\/268"}],"collection":[{"href":"https:\/\/demo.min-pan.krakow.pl\/instytut\/wp-json\/wp\/v2\/pages"}],"about":[{"href":"https:\/\/demo.min-pan.krakow.pl\/instytut\/wp-json\/wp\/v2\/types\/page"}],"author":[{"embeddable":true,"href":"https:\/\/demo.min-pan.krakow.pl\/instytut\/wp-json\/wp\/v2\/users\/1"}],"replies":[{"embeddable":true,"href":"https:\/\/demo.min-pan.krakow.pl\/instytut\/wp-json\/wp\/v2\/comments?post=268"}],"version-history":[{"count":30,"href":"https:\/\/demo.min-pan.krakow.pl\/instytut\/wp-json\/wp\/v2\/pages\/268\/revisions"}],"predecessor-version":[{"id":2367,"href":"https:\/\/demo.min-pan.krakow.pl\/instytut\/wp-json\/wp\/v2\/pages\/268\/revisions\/2367"}],"wp:attachment":[{"href":"https:\/\/demo.min-pan.krakow.pl\/instytut\/wp-json\/wp\/v2\/media?parent=268"}],"curies":[{"name":"wp","href":"https:\/\/api.w.org\/{rel}","templated":true}]}}