{"id":1346,"date":"2020-06-04T15:54:59","date_gmt":"2020-06-04T13:54:59","guid":{"rendered":"https:\/\/demo.min-pan.krakow.pl\/instytut\/?page_id=1346"},"modified":"2020-07-07T13:00:03","modified_gmt":"2020-07-07T11:00:03","slug":"deklaracja-dostepnosci","status":"publish","type":"page","link":"https:\/\/demo.min-pan.krakow.pl\/instytut\/deklaracja-dostepnosci\/","title":{"rendered":"Deklaracja dost\u0119pno\u015bci"},"content":{"rendered":"<p><\/p>\n<h2>O\u015bwiadczenie w sprawie dost\u0119pno\u015bci<\/h2>\n<p>Instytut Gospodarki Surowcami Mineralnymi i Energi\u0105 Polskiej Akademii Nauk w Krakowie zobowi\u0105zuje si\u0119 zapewni\u0107 dost\u0119pno\u015b\u0107 strony (<a href=\"https:\/\/demo.min-pan.krakow.pl\/\">https:\/\/demo.min-pan.krakow.pl\/<\/a>) zgodnie z przepisami Ustawy z dnia 4 kwietnia 2019 r. o dost\u0119pno\u015bci cyfrowej stron internetowych i aplikacji mobilnych podmiot\u00f3w publicznych (Dz. U. 2019 r. poz. 848) oraz Decyzj\u0105 wykonawcz\u0105 Komisji (UE) 2018\/1523 z dnia 11 pa\u017adziernika 2018 r. ustanawiaj\u0105c\u0105 wz\u00f3r o\u015bwiadczenia w sprawie dost\u0119pno\u015bci internetowych i mobilnych aplikacji zgodnie z dyrektyw\u0105 Parlamentu Europejskiego i Rady (UE) 2016\/2102 oraz z uwzgl\u0119dnieniem wymog\u00f3w dla podmiot\u00f3w sektora publicznego.<\/p>\n<h3><strong>Status pod wzgl\u0119dem zgodno\u015bci<\/strong><\/h3>\n<p>Strona internetowa IGSMiE PAN (https:\/\/demo.min-pan.krakow.pl\/) <strong>jest cz\u0119\u015bciowo zgodna<\/strong> z\u00a0przepisami Ustawy z dnia 4 kwietnia 2019 r. o dost\u0119pno\u015bci cyfrowej stron internetowych i\u00a0aplikacji mobilnych podmiot\u00f3w publicznych, z powodu niezgodno\u015bci wymienionych poni\u017cej:<\/p>\n<ul>\n<li>Brak wsparcia dla czytnik\u00f3w tre\u015bci aria (brak wprowadzonych tag\u00f3w aria).<\/li>\n<\/ul>\n<h3><strong>Przygotowanie o\u015bwiadczenia w sprawie dost\u0119pno\u015bci<\/strong><\/h3>\n<ol>\n<li>Niniejsze o\u015bwiadczenie sporz\u0105dzono dnia:\u00a029.05.2020 r.<\/li>\n<li>Metoda przygotowania o\u015bwiadczenia:\n<ul>\n<li>Deklaracj\u0119 sporz\u0105dzono na podstawie o\u015bwiadczenia firmy YOHO z siedziba w Krakowie oraz na podstawie samooceny wykonanej przy pomocy narz\u0119dzia do oceny dost\u0119pno\u015bci stron internetowych: Test &#8211; European Internet Inclusion Initiative, (http:\/\/checkers.eiii.eu\/), z kt\u00f3rego wynika, \u017ce strona internetowa IGSMiE PAN spe\u0142nia wymagania dost\u0119pno\u015bci w testach tam uj\u0119tych w 99,5%.<\/li>\n<\/ul>\n<\/li>\n<\/ol>\n<h3><strong>Informacje zwrotne i dane kontaktowe<\/strong><\/h3>\n<p>W przypadku problem\u00f3w z dost\u0119pno\u015bci\u0105 strony internetowej oraz dost\u0119pno\u015bci architektonicznej prosimy o kontakt z zast\u0119pc\u0105 Dyrektora Instytutu ds. Og\u00f3lnych (Micha\u0142 Kopacz; tel.: 609 922 924; email: kopacz@demo.min-pan.krakow.pl). T\u0105 sam\u0105 drog\u0105 mo\u017cna sk\u0142ada\u0107 wnioski o udost\u0119pnienie informacji niedost\u0119pnej oraz sk\u0142ada\u0107 skargi na brak zapewnienia dost\u0119pno\u015bci.<\/p>\n<h3><strong>Post\u0119powanie odwo\u0142awcze<\/strong><\/h3>\n<p>Ka\u017cdy ma prawo do wyst\u0105pienia z \u017c\u0105daniem zapewnienia dost\u0119pno\u015bci cyfrowej strony internetowej, aplikacji mobilnej lub jakiego\u015b ich elementu. Mo\u017cna tak\u017ce za\u017c\u0105da\u0107 udost\u0119pnienia informacji za pomoc\u0105 alternatywnego sposobu dost\u0119pu, na przyk\u0142ad przez odczytanie niedost\u0119pnego cyfrowo dokumentu, opisanie zawarto\u015bci filmu bez audiodeskrypcji itp. \u017b\u0105danie powinno zawiera\u0107 dane osoby zg\u0142aszaj\u0105cej \u017c\u0105danie, wskazanie, o kt\u00f3r\u0105 stron\u0119 internetow\u0105 lub aplikacj\u0119 mobiln\u0105 chodzi oraz spos\u00f3b kontaktu. Je\u017celi osoba \u017c\u0105daj\u0105ca zg\u0142asza potrzeb\u0119 otrzymania informacji za pomoc\u0105 alternatywnego sposobu dost\u0119pu, powinna tak\u017ce okre\u015bli\u0107 dogodny dla niej spos\u00f3b przedstawienia tej informacji.<\/p>\n<p>Podmiot publiczny powinien zrealizowa\u0107 \u017c\u0105danie niezw\u0142ocznie, nie p\u00f3\u017aniej ni\u017c w ci\u0105gu 7 dni od dnia wyst\u0105pienia z \u017c\u0105daniem. Je\u017celi dotrzymanie tego terminu nie jest mo\u017cliwe, podmiot publiczny niezw\u0142ocznie informuje o tym wnosz\u0105cego \u017c\u0105danie, kiedy realizacja \u017c\u0105dania b\u0119dzie mo\u017cliwa, przy czym termin ten nie mo\u017ce by\u0107 d\u0142u\u017cszy ni\u017c 2 miesi\u0105ce od dnia wyst\u0105pienia z \u017c\u0105daniem. Je\u017celi zapewnienie dost\u0119pno\u015bci cyfrowej nie jest mo\u017cliwe, podmiot publiczny mo\u017ce zaproponowa\u0107 alternatywny spos\u00f3b dost\u0119pu do informacji.<\/p>\n<p>W przypadku, gdy podmiot publiczny odm\u00f3wi realizacji \u017c\u0105dania zapewnienia dost\u0119pno\u015bci lub alternatywnego sposobu dost\u0119pu do informacji, wnosz\u0105cy \u017c\u0105danie mo\u017cne z\u0142o\u017cy\u0107 skarg\u0119 w sprawie zapewniana dost\u0119pno\u015bci cyfrowej strony internetowej, aplikacji mobilnej lub elementu strony internetowej, lub aplikacji mobilnej. Po wyczerpaniu wskazanej wy\u017cej procedury mo\u017cna tak\u017ce z\u0142o\u017cy\u0107 wniosek do Rzecznika Praw Obywatelskich.<\/p>\n<h3><u><\/u><strong>Strona internetowa Rzecznika Praw Obywatelskich<\/strong><\/h3>\n<ul>\n<li><a href=\"https:\/\/www.rpo.gov.pl\/\">https:\/\/www.rpo.gov.pl\/<\/a><\/li>\n<\/ul>\n<h3><strong>Informacje uzupe\u0142niaj\u0105ce<\/strong><\/h3>\n<ol>\n<li>Data publikacji strony internetowej IGSMiE PAN: 01.01.2018 r.<\/li>\n<li>Data ostatniej aktualizacji dotycz\u0105cej zmiany wygl\u0105du, struktury informacji lub sposobu publikowania: 01.01.2018 r.<\/li>\n<\/ol>\n<h3><strong>Dane<\/strong><strong>\u00a0teleadresowe podmiotu publicznego<\/strong><\/h3>\n<p>Instytut Gospodarki Surowcami Mineralnymi i Energi\u0105 PAN<br \/>\nul. J. Wybickiego 7A<br \/>\n31-261 Krak\u00f3w<br \/>\nTelefon: (+48) 12 632-33-00<br \/>\nE-mail: centrum@demo.min-pan.krakow.pl<br \/>\nStrona internetowa:\u00a0<a href=\"https:\/\/demo.min-pan.krakow.pl\/\">https:\/\/demo.min-pan.krakow.pl\/\u00a0<\/a><\/p>\n<h3><strong>Skr\u00f3ty klawiszowe<\/strong><\/h3>\n<p>Strona internetowa IGSMiE PAN (https:\/\/demo.min-pan.krakow.pl\/instytut\/bip\/) zapewnia obs\u0142ug\u0119 standardowych klawiszy i kombinacji skr\u00f3t\u00f3w (klawiszy dost\u0119pu), zale\u017cnie od przegl\u0105darki internetowej oraz zainstalowanego systemu operacyjnego.<\/p>\n<h3><strong>Dost\u0119pno\u015b\u0107 architektoniczna<\/strong><\/h3>\n<ol>\n<li>Instytut Gospodarki Surowcami Mineralnymi i Energi\u0105 PAN w Krakowie obs\u0142uguje interesant\u00f3w w lokalizacji:\n<ul>\n<li>Budynek siedziby Instytutu w Krakowie, ul. J. Wybickiego 7A, 31-261 Krak\u00f3w. Wej\u015bcie do budynku mo\u017cliwe po pokonaniu jednego schodka. Wewn\u0105trz znajduj\u0105 si\u0119 schody pozwalaj\u0105ce dotrze\u0107 do obszaru dost\u0119pnego dla interesant\u00f3w. Obszar ten znajduje si\u0119 na III pi\u0119trze. Brak mo\u017cliwo\u015bci skorzystania z windy.<\/li>\n<\/ul>\n<\/li>\n<\/ol>\n<ol start=\"2\">\n<li>Miejsca parkingowe wyznaczone dla os\u00f3b niepe\u0142nosprawnych i spos\u00f3b korzystania z nich:\n<ul>\n<li>S\u0105 dost\u0119pne miejsca parkingowe na parkingu przypisanym do budynku. Na parking wje\u017cd\u017ca si\u0119 od ulicy Wybickiego. Nie ma szlabanu przy wje\u017adzie. Nie ma op\u0142at za parkowanie.<\/li>\n<\/ul>\n<\/li>\n<\/ol>\n<h3><strong>Informacja o dost\u0119pno\u015bci t\u0142umacza j\u0119zyka migowego<\/strong><\/h3>\n<ol>\n<li>W budynku nie ma t\u0142umacza j\u0119zyka migowego, ani mo\u017cliwo\u015bci skorzystania z us\u0142ugi t\u0142umacza on-line.<\/li>\n<li>Dodatkowa informacja: Informujemy, \u017ce na teren budynku mo\u017cna wej\u015b\u0107 z psem asystuj\u0105cym oraz psem przewodnikiem.<\/li>\n<\/ol>\n<p><\/p>","protected":false},"excerpt":{"rendered":"<p>O\u015bwiadczenie w sprawie dost\u0119pno\u015bci Instytut Gospodarki Surowcami Mineralnymi i Energi\u0105 Polskiej Akademii Nauk w Krakowie zobowi\u0105zuje si\u0119 zapewni\u0107 dost\u0119pno\u015b\u0107 strony (https:\/\/demo.min-pan.krakow.pl\/) zgodnie z przepisami Ustawy z dnia 4 kwietnia 2019 r. o dost\u0119pno\u015bci cyfrowej stron internetowych i aplikacji mobilnych podmiot\u00f3w publicznych (Dz. U. 2019 r. poz. 848) oraz Decyzj\u0105 wykonawcz\u0105 Komisji (UE) 2018\/1523 z dnia [&hellip;]<\/p>\n","protected":false},"author":1,"featured_media":0,"parent":0,"menu_order":19,"comment_status":"closed","ping_status":"closed","template":"","meta":{"footnotes":""},"_links":{"self":[{"href":"https:\/\/demo.min-pan.krakow.pl\/instytut\/wp-json\/wp\/v2\/pages\/1346"}],"collection":[{"href":"https:\/\/demo.min-pan.krakow.pl\/instytut\/wp-json\/wp\/v2\/pages"}],"about":[{"href":"https:\/\/demo.min-pan.krakow.pl\/instytut\/wp-json\/wp\/v2\/types\/page"}],"author":[{"embeddable":true,"href":"https:\/\/demo.min-pan.krakow.pl\/instytut\/wp-json\/wp\/v2\/users\/1"}],"replies":[{"embeddable":true,"href":"https:\/\/demo.min-pan.krakow.pl\/instytut\/wp-json\/wp\/v2\/comments?post=1346"}],"version-history":[{"count":13,"href":"https:\/\/demo.min-pan.krakow.pl\/instytut\/wp-json\/wp\/v2\/pages\/1346\/revisions"}],"predecessor-version":[{"id":1411,"href":"https:\/\/demo.min-pan.krakow.pl\/instytut\/wp-json\/wp\/v2\/pages\/1346\/revisions\/1411"}],"wp:attachment":[{"href":"https:\/\/demo.min-pan.krakow.pl\/instytut\/wp-json\/wp\/v2\/media?parent=1346"}],"curies":[{"name":"wp","href":"https:\/\/api.w.org\/{rel}","templated":true}]}}