{"id":13,"date":"2017-11-09T10:49:15","date_gmt":"2017-11-09T09:49:15","guid":{"rendered":"https:\/\/demo.min-pan.krakow.pl\/instytut\/?page_id=13"},"modified":"2023-01-25T09:56:06","modified_gmt":"2023-01-25T08:56:06","slug":"rada-naukowa-2","status":"publish","type":"page","link":"https:\/\/demo.min-pan.krakow.pl\/instytut\/rada-naukowa-2\/","title":{"rendered":"Rada Naukowa"},"content":{"rendered":"<p><\/p>\n<h2>Rada Naukowa Instytutu Gospodarki Surowcami Mineralnymi i Energi\u0105 PAN, kadencja 2023-2026<\/h2>\n<p>Rada Naukowa sprawuje bie\u017c\u0105cy nadz\u00f3r nad dzia\u0142alno\u015bci\u0105 naszego Instytutu. Ni\u017cej przedstawiamy Pa\u0144stwu Cz\u0142onk\u00f3w Rady Naukowej Instytutu w kadencji na lata 2023-2026. S\u0105 to:<\/p>\n<p>1. Dr hab. in\u017c. Bujakowski Wies\u0142aw<br \/>\n2. Prof. dr hab. in\u017c. Chmielniak Tadeusz, cz\u0142onek rzeczywisty PAN<br \/>\n3. Prof. dr hab. in\u017c. Czaplicka Marianna<br \/>\n4. Prof. dr hab. in\u017c. Dziurzy\u0144ski Wac\u0142aw<br \/>\n5. Prof. dr hab. in\u017c. Franus Wojciech<br \/>\n6. Prof. dr hab. in\u017c. Galos Krzysztof<br \/>\n7. Dr hab. in\u017c. Gawlik Lidia<br \/>\n8. Prof. dr hab. in\u017c. Hardyg\u00f3ra Monika<br \/>\n9. Dr hab. Jonek-Kowalska Izabela<br \/>\n10. Prof. dr hab. in\u017c. Kami\u0144ski Jacek<br \/>\n11. Dr in\u017c. Komorowska Aleksandra<br \/>\n12. Dr hab. in\u017c. Kopacz Micha\u0142<br \/>\n13. Prof. dr hab. Mikulski Stanis\u0142aw<br \/>\n14. Prof. dr hab. in\u017c. Mokrzycki Eugeniusz<br \/>\n15. Prof. dr hab. in\u017c. Nagy Stanis\u0142aw, cz\u0142onek korespondent PAN<br \/>\n16. Dr in\u017c. Olczak Piotr<br \/>\n17. Dr hab. in\u017c. Olkuski Tadeusz<br \/>\n18. Mgr in\u017c. Olszowski Janusz<br \/>\n19. Prof. dr hab. in\u017c. Pilecki Zenon<br \/>\n20. Prof. dr hab. in\u017c. Rosik-Dulewska Czes\u0142awa, cz\u0142onek rzeczywisty PAN<br \/>\n21. Dr hab. Smol Marzena, cz\u0142onek AMU PAN<br \/>\n22. Prof. dr hab. in\u017c. Sobczak Natalia, cz\u0142onek korespondent PAN<br \/>\n23. Dr hab. in\u017c. Sobczyk Eugeniusz<br \/>\n24. Dr hab. in\u017c. Stala-Szlugaj Katarzyna<br \/>\n25. Prof. dr hab. Szama\u0142ek Krzysztof<br \/>\n26. Prof. dr hab. in\u017c. Tora Barbara<br \/>\n27. Prof. dr hab. in\u017c. Trutwin Wac\u0142aw, cz\u0142onek rzeczywisty PAN<br \/>\n28. Dr hab. in\u017c. Wdowin Magdalena<br \/>\n29. Prof. dr hab. in\u017c. Wi\u015bniowski Rafa\u0142<br \/>\n30. Mgr in\u017c. \u017bmuda Robert<\/p>","protected":false},"excerpt":{"rendered":"<p>Rada Naukowa Instytutu Gospodarki Surowcami Mineralnymi i Energi\u0105 PAN, kadencja 2023-2026 Rada Naukowa sprawuje bie\u017c\u0105cy nadz\u00f3r nad dzia\u0142alno\u015bci\u0105 naszego Instytutu. Ni\u017cej przedstawiamy Pa\u0144stwu Cz\u0142onk\u00f3w Rady Naukowej Instytutu w kadencji na lata 2023-2026. S\u0105 to: 1. Dr hab. in\u017c. Bujakowski Wies\u0142aw 2. Prof. dr hab. in\u017c. Chmielniak Tadeusz, cz\u0142onek rzeczywisty PAN 3. Prof. dr hab. in\u017c. [&hellip;]<\/p>\n","protected":false},"author":1,"featured_media":0,"parent":0,"menu_order":108,"comment_status":"closed","ping_status":"closed","template":"","meta":{"footnotes":""},"_links":{"self":[{"href":"https:\/\/demo.min-pan.krakow.pl\/instytut\/wp-json\/wp\/v2\/pages\/13"}],"collection":[{"href":"https:\/\/demo.min-pan.krakow.pl\/instytut\/wp-json\/wp\/v2\/pages"}],"about":[{"href":"https:\/\/demo.min-pan.krakow.pl\/instytut\/wp-json\/wp\/v2\/types\/page"}],"author":[{"embeddable":true,"href":"https:\/\/demo.min-pan.krakow.pl\/instytut\/wp-json\/wp\/v2\/users\/1"}],"replies":[{"embeddable":true,"href":"https:\/\/demo.min-pan.krakow.pl\/instytut\/wp-json\/wp\/v2\/comments?post=13"}],"version-history":[{"count":49,"href":"https:\/\/demo.min-pan.krakow.pl\/instytut\/wp-json\/wp\/v2\/pages\/13\/revisions"}],"predecessor-version":[{"id":2336,"href":"https:\/\/demo.min-pan.krakow.pl\/instytut\/wp-json\/wp\/v2\/pages\/13\/revisions\/2336"}],"wp:attachment":[{"href":"https:\/\/demo.min-pan.krakow.pl\/instytut\/wp-json\/wp\/v2\/media?parent=13"}],"curies":[{"name":"wp","href":"https:\/\/api.w.org\/{rel}","templated":true}]}}